{"id":120,"date":"2026-04-16T11:31:05","date_gmt":"2026-04-16T09:31:05","guid":{"rendered":"http:\/\/www.azemis.cz\/?page_id=120"},"modified":"2026-04-16T11:31:05","modified_gmt":"2026-04-16T09:31:05","slug":"about-en","status":"publish","type":"page","link":"https:\/\/www.azemis.cz\/?page_id=120","title":{"rendered":"About Us"},"content":{"rendered":"\n\n<h1 class=\"wp-block-heading\">About Us<\/h1>\n\n\n\n<p>We are a team of certified accountants and tax advisors based in \u0158\u00ed\u010dany near Prague. Our mission is to be a reliable partner for your business \u2013 whether you are a sole trader, small company, or medium-sized enterprise.<\/p>\n\n\n\n<h2 class=\"wp-block-heading\">Our Values<\/h2>\n\n\n\n<ul class=\"wp-block-list\">\n  <li><strong>Expertise<\/strong> \u2013 We continuously educate ourselves and follow changes in legislation<\/li>\n  <li><strong>Reliability<\/strong> \u2013 We keep deadlines, our word can be trusted<\/li>\n  <li><strong>Transparency<\/strong> \u2013 Clear pricing without hidden fees<\/li>\n  <li><strong>Personal approach<\/strong> \u2013 We treat every client individually<\/li>\n<\/ul>\n\n\n\n<div class=\"wp-block-columns is-layout-flex wp-container-core-columns-is-layout-9d6595d7 wp-block-columns-is-layout-flex\">\n  \n  <div class=\"wp-block-column is-layout-flow wp-block-column-is-layout-flow\">\n    <h3 class=\"has-text-align-center wp-block-heading\">10+<\/h3>\n    <p class=\"has-text-align-center\">years of experience<\/p>\n  <\/div>\n  \n  \n  <div class=\"wp-block-column is-layout-flow wp-block-column-is-layout-flow\">\n    <h3 class=\"has-text-align-center wp-block-heading\">150+<\/h3>\n    <p class=\"has-text-align-center\">satisfied clients<\/p>\n  <\/div>\n  \n  \n  <div class=\"wp-block-column is-layout-flow wp-block-column-is-layout-flow\">\n    <h3 class=\"has-text-align-center wp-block-heading\">100%<\/h3>\n    <p class=\"has-text-align-center\">deadlines met<\/p>\n  <\/div>\n  \n<\/div>\n\n\t\t","protected":false},"excerpt":{"rendered":"<p>About Us We are a team of certified accountants and tax advisors based in \u0158\u00ed\u010dany near Prague. Our mission is to be a reliable partner for your business \u2013 whether you are a sole trader, small company, or medium-sized enterprise. Our Values Expertise \u2013 We continuously educate ourselves and follow changes in legislation Reliability \u2013 &#8230; <a title=\"About Us\" class=\"read-more\" href=\"https:\/\/www.azemis.cz\/?page_id=120\" aria-label=\"\u010c\u00edst v\u00edce o About Us\">\u010c\u00edst d\u00e1l<\/a><\/p>\n","protected":false},"author":1,"featured_media":0,"parent":0,"menu_order":12,"comment_status":"closed","ping_status":"closed","template":"","meta":{"footnotes":""},"class_list":["post-120","page","type-page","status-publish"],"_links":{"self":[{"href":"https:\/\/www.azemis.cz\/index.php?rest_route=\/wp\/v2\/pages\/120","targetHints":{"allow":["GET"]}}],"collection":[{"href":"https:\/\/www.azemis.cz\/index.php?rest_route=\/wp\/v2\/pages"}],"about":[{"href":"https:\/\/www.azemis.cz\/index.php?rest_route=\/wp\/v2\/types\/page"}],"author":[{"embeddable":true,"href":"https:\/\/www.azemis.cz\/index.php?rest_route=\/wp\/v2\/users\/1"}],"replies":[{"embeddable":true,"href":"https:\/\/www.azemis.cz\/index.php?rest_route=%2Fwp%2Fv2%2Fcomments&post=120"}],"version-history":[{"count":1,"href":"https:\/\/www.azemis.cz\/index.php?rest_route=\/wp\/v2\/pages\/120\/revisions"}],"predecessor-version":[{"id":184,"href":"https:\/\/www.azemis.cz\/index.php?rest_route=\/wp\/v2\/pages\/120\/revisions\/184"}],"wp:attachment":[{"href":"https:\/\/www.azemis.cz\/index.php?rest_route=%2Fwp%2Fv2%2Fmedia&parent=120"}],"curies":[{"name":"wp","href":"https:\/\/api.w.org\/{rel}","templated":true}]}}