{"id":140,"date":"2026-04-16T11:31:05","date_gmt":"2026-04-16T09:31:05","guid":{"rendered":"http:\/\/www.azemis.cz\/?page_id=140"},"modified":"2026-04-16T11:31:05","modified_gmt":"2026-04-16T09:31:05","slug":"pricing-en","status":"publish","type":"page","link":"https:\/\/www.azemis.cz\/?page_id=140","title":{"rendered":"Pricing"},"content":{"rendered":"\n\n<h1 class=\"wp-block-heading\">Pricing<\/h1>\n\n\n\n<p>All prices are exclusive of VAT (21%). The exact price depends on the scope and complexity of the work. We are happy to prepare an individual offer for you.<\/p>\n\n\n\n<h2 class=\"wp-block-heading\">Packages for Sole Traders<\/h2>\n\n\n\n<figure class=\"wp-block-table\"><table><thead><tr><th>Package<\/th><th>Includes<\/th><th>Price\/month<\/th><\/tr><\/thead><tbody>\n<tr><td><strong>Start<\/strong><\/td><td>Tax records, income tax return, annual close<\/td><td>from CZK 1,500<\/td><\/tr>\n<tr><td><strong>Comfort<\/strong><\/td><td>Start + monthly VAT, consultations<\/td><td>from CZK 2,500<\/td><\/tr>\n<tr><td><strong>Premium<\/strong><\/td><td>Comfort + payroll, tax authority representation<\/td><td>from CZK 4,000<\/td><\/tr>\n<\/tbody><\/table><\/figure>\n\n\n\n<h2 class=\"wp-block-heading\">Packages for Companies (s.r.o. \/ Ltd.)<\/h2>\n\n\n\n<figure class=\"wp-block-table\"><table><thead><tr><th>Package<\/th><th>Includes<\/th><th>Price\/month<\/th><\/tr><\/thead><tbody>\n<tr><td><strong>Business Start<\/strong><\/td><td>Double-entry bookkeeping, corporate tax, annual close<\/td><td>from CZK 3,500<\/td><\/tr>\n<tr><td><strong>Business Standard<\/strong><\/td><td>Start + VAT, payroll up to 5 employees<\/td><td>from CZK 5,500<\/td><\/tr>\n<tr><td><strong>Business Premium<\/strong><\/td><td>Standard + unlimited payroll, advisory<\/td><td>from CZK 8,000<\/td><\/tr>\n<\/tbody><\/table><\/figure>\n\n\n\n<h2 class=\"wp-block-heading\">One-time Services<\/h2>\n\n\n\n<figure class=\"wp-block-table\"><table><thead><tr><th>Service<\/th><th>Price<\/th><\/tr><\/thead><tbody>\n<tr><td>Personal income tax return (basic)<\/td><td>from CZK 1,000<\/td><\/tr>\n<tr><td>Personal income tax return (complex)<\/td><td>from CZK 2,500<\/td><\/tr>\n<tr><td>Corporate income tax return<\/td><td>from CZK 3,000<\/td><\/tr>\n<tr><td>VAT return<\/td><td>from CZK 800<\/td><\/tr>\n<tr><td>Payroll processing (1 employee)<\/td><td>from CZK 350<\/td><\/tr>\n<tr><td>Hourly consultation<\/td><td>CZK 800\/hour<\/td><\/tr>\n<\/tbody><\/table><\/figure>\n\n\n\n<p><em>Prices are indicative and exclude VAT. Contact us for an exact quote.<\/em><\/p>\n\n\n\n<div class=\"wp-block-buttons is-layout-flex wp-block-buttons-is-layout-flex\">\n  \n  <div class=\"wp-block-button\"><a class=\"wp-block-button__link\" href=\"\/en\/contact\">Request a Quote<\/a><\/div>\n  \n<\/div>\n\n\t\t","protected":false},"excerpt":{"rendered":"<p>Pricing All prices are exclusive of VAT (21%). The exact price depends on the scope and complexity of the work. We are happy to prepare an individual offer for you. Packages for Sole Traders Package Includes Price\/month Start Tax records, income tax return, annual close from CZK 1,500 Comfort Start + monthly VAT, consultations from &#8230; <a title=\"Pricing\" class=\"read-more\" href=\"https:\/\/www.azemis.cz\/?page_id=140\" aria-label=\"\u010c\u00edst v\u00edce o Pricing\">\u010c\u00edst d\u00e1l<\/a><\/p>\n","protected":false},"author":1,"featured_media":0,"parent":0,"menu_order":14,"comment_status":"closed","ping_status":"closed","template":"","meta":{"footnotes":""},"class_list":["post-140","page","type-page","status-publish"],"_links":{"self":[{"href":"https:\/\/www.azemis.cz\/index.php?rest_route=\/wp\/v2\/pages\/140","targetHints":{"allow":["GET"]}}],"collection":[{"href":"https:\/\/www.azemis.cz\/index.php?rest_route=\/wp\/v2\/pages"}],"about":[{"href":"https:\/\/www.azemis.cz\/index.php?rest_route=\/wp\/v2\/types\/page"}],"author":[{"embeddable":true,"href":"https:\/\/www.azemis.cz\/index.php?rest_route=\/wp\/v2\/users\/1"}],"replies":[{"embeddable":true,"href":"https:\/\/www.azemis.cz\/index.php?rest_route=%2Fwp%2Fv2%2Fcomments&post=140"}],"version-history":[{"count":1,"href":"https:\/\/www.azemis.cz\/index.php?rest_route=\/wp\/v2\/pages\/140\/revisions"}],"predecessor-version":[{"id":186,"href":"https:\/\/www.azemis.cz\/index.php?rest_route=\/wp\/v2\/pages\/140\/revisions\/186"}],"wp:attachment":[{"href":"https:\/\/www.azemis.cz\/index.php?rest_route=%2Fwp%2Fv2%2Fmedia&parent=140"}],"curies":[{"name":"wp","href":"https:\/\/api.w.org\/{rel}","templated":true}]}}