{"id":160,"date":"2026-04-16T11:31:05","date_gmt":"2026-04-16T09:31:05","guid":{"rendered":"http:\/\/www.azemis.cz\/?page_id=160"},"modified":"2026-04-16T11:31:05","modified_gmt":"2026-04-16T09:31:05","slug":"contact-en","status":"publish","type":"page","link":"https:\/\/www.azemis.cz\/?page_id=160","title":{"rendered":"Contact"},"content":{"rendered":"\n\n<h1 class=\"wp-block-heading\">Contact Us<\/h1>\n\n\n\n<p>We are happy to answer your questions or prepare a free quote. Don&#8217;t hesitate to get in touch.<\/p>\n\n\n\n<div class=\"wp-block-columns is-layout-flex wp-container-core-columns-is-layout-9d6595d7 wp-block-columns-is-layout-flex\">\n  \n  <div class=\"wp-block-column is-layout-flow wp-block-column-is-layout-flow\">\n    <h2 class=\"wp-block-heading\">Contact Details<\/h2>\n    \n    <p>\n      \ud83d\udccd <strong>Address:<\/strong> Your Street 123, \u0158\u00ed\u010dany, 251 01, Czech Republic<br\/>\n      \ud83d\udcde <strong>Phone:<\/strong> +420 XXX XXX XXX<br\/>\n      \ud83d\udce7 <strong>E-mail:<\/strong> info@yourfirm.cz<br\/>\n      \ud83d\udd50 <strong>Office Hours:<\/strong><br\/>\n      Mon\u2013Fri: 8:00 AM \u2013 5:00 PM<br\/>\n      Sat\u2013Sun: by appointment only\n    <\/p>\n    \n  <\/div>\n  \n  \n  <div class=\"wp-block-column is-layout-flow wp-block-column-is-layout-flow\">\n    <h2 class=\"wp-block-heading\">Send Us a Message<\/h2>\n    <p>Fill in the contact form and we will get back to you within 24 hours.<\/p>\n    <p>[contact-form-7 id=&#8220;contact-form-en&#8220; title=&#8220;Contact Form EN&#8220;]<\/p>\n\n  <\/div>\n  \n<\/div>\n\n\t\t","protected":false},"excerpt":{"rendered":"<p>Contact Us We are happy to answer your questions or prepare a free quote. Don&#8217;t hesitate to get in touch. Contact Details \ud83d\udccd Address: Your Street 123, \u0158\u00ed\u010dany, 251 01, Czech Republic \ud83d\udcde Phone: +420 XXX XXX XXX \ud83d\udce7 E-mail: info@yourfirm.cz \ud83d\udd50 Office Hours: Mon\u2013Fri: 8:00 AM \u2013 5:00 PM Sat\u2013Sun: by appointment only Send &#8230; <a title=\"Contact\" class=\"read-more\" href=\"https:\/\/www.azemis.cz\/?page_id=160\" aria-label=\"\u010c\u00edst v\u00edce o Contact\">\u010c\u00edst d\u00e1l<\/a><\/p>\n","protected":false},"author":1,"featured_media":0,"parent":0,"menu_order":16,"comment_status":"closed","ping_status":"closed","template":"","meta":{"footnotes":""},"class_list":["post-160","page","type-page","status-publish"],"_links":{"self":[{"href":"https:\/\/www.azemis.cz\/index.php?rest_route=\/wp\/v2\/pages\/160","targetHints":{"allow":["GET"]}}],"collection":[{"href":"https:\/\/www.azemis.cz\/index.php?rest_route=\/wp\/v2\/pages"}],"about":[{"href":"https:\/\/www.azemis.cz\/index.php?rest_route=\/wp\/v2\/types\/page"}],"author":[{"embeddable":true,"href":"https:\/\/www.azemis.cz\/index.php?rest_route=\/wp\/v2\/users\/1"}],"replies":[{"embeddable":true,"href":"https:\/\/www.azemis.cz\/index.php?rest_route=%2Fwp%2Fv2%2Fcomments&post=160"}],"version-history":[{"count":1,"href":"https:\/\/www.azemis.cz\/index.php?rest_route=\/wp\/v2\/pages\/160\/revisions"}],"predecessor-version":[{"id":188,"href":"https:\/\/www.azemis.cz\/index.php?rest_route=\/wp\/v2\/pages\/160\/revisions\/188"}],"wp:attachment":[{"href":"https:\/\/www.azemis.cz\/index.php?rest_route=%2Fwp%2Fv2%2Fmedia&parent=160"}],"curies":[{"name":"wp","href":"https:\/\/api.w.org\/{rel}","templated":true}]}}