{"id":50,"date":"2026-04-16T11:31:05","date_gmt":"2026-04-16T09:31:05","guid":{"rendered":"http:\/\/www.azemis.cz\/?page_id=50"},"modified":"2026-04-16T11:31:05","modified_gmt":"2026-04-16T09:31:05","slug":"reference","status":"publish","type":"page","link":"https:\/\/www.azemis.cz\/?page_id=50","title":{"rendered":"Reference"},"content":{"rendered":"\n\n<h1 class=\"wp-block-heading\">Reference a spokojen\u00ed klienti<\/h1>\n\n\n\n<p>D\u016fv\u011bra klient\u016f je pro n\u00e1s tou nejlep\u0161\u00ed vizitkou. P\u0159e\u010dt\u011bte si, co o spolupr\u00e1ci s n\u00e1mi \u0159\u00edkaj\u00ed.<\/p>\n\n\n\n<div class=\"wp-block-group testimonial\"><div class=\"wp-block-group__inner-container is-layout-flow wp-block-group-is-layout-flow\">\n  \n  <blockquote class=\"wp-block-quote is-layout-flow wp-block-quote-is-layout-flow\">\n    <p>\u201eSpolupr\u00e1ce je naprosto bezprobl\u00e9mov\u00e1. V\u017edy v\u0161e vy\u0159\u00edd\u00ed v\u010das a bez zbyte\u010dn\u00fdch ot\u00e1zek. Kone\u010dn\u011b mohu podnikat bez starost\u00ed o \u00fa\u010detnictv\u00ed.&#8220;<\/p>\n    <cite>Jana K. \u2013 OSV\u010c, grafi\u010dka, Praha<\/cite>\n  <\/blockquote>\n  \n<\/div><\/div>\n\n\n\n<div class=\"wp-block-group testimonial\"><div class=\"wp-block-group__inner-container is-layout-flow wp-block-group-is-layout-flow\">\n  \n  <blockquote class=\"wp-block-quote is-layout-flow wp-block-quote-is-layout-flow\">\n    <p>\u201eP\u0159e\u0161li jsme k nim po \u0161patn\u00e9 zku\u0161enosti s p\u0159edchoz\u00ed \u00fa\u010detn\u00ed. Rozd\u00edl je obrovsk\u00fd \u2013 profesionalita, rychlost, vst\u0159\u00edcnost. V\u0159ele doporu\u010dujeme.&#8220;<\/p>\n    <cite>Tom\u00e1\u0161 M. \u2013 jednatel s.r.o., IT sektor<\/cite>\n  <\/blockquote>\n  \n<\/div><\/div>\n\n\n\n<div class=\"wp-block-group testimonial\"><div class=\"wp-block-group__inner-container is-layout-flow wp-block-group-is-layout-flow\">\n  \n  <blockquote class=\"wp-block-quote is-layout-flow wp-block-quote-is-layout-flow\">\n    <p>\u201ePomohli n\u00e1m se zaveden\u00edm mzdov\u00e9 agendy p\u0159i roz\u0161\u00ed\u0159en\u00ed t\u00fdmu. V\u0161e vysv\u011btlili, nastavili a st\u00e1le jsou k dispozici. Skv\u011bl\u00e1 pr\u00e1ce.&#8220;<\/p>\n    <cite>Petra V. \u2013 majitelka e-shopu, St\u0159edo\u010desk\u00fd kraj<\/cite>\n  <\/blockquote>\n  \n<\/div><\/div>\n\n\n\n<h2 class=\"wp-block-heading\">Klienti z r\u016fzn\u00fdch obor\u016f<\/h2>\n\n\n\n<ul class=\"wp-block-list\">\n  <li>IT firmy a freelance\u0159i<\/li>\n  <li>Stavebn\u00ed a \u0159emesln\u00e9 firmy<\/li>\n  <li>E-shopy a online podnik\u00e1n\u00ed<\/li>\n  <li>Zdravotn\u00ed a kosmetick\u00e9 slu\u017eby<\/li>\n  <li>Poradensk\u00e9 a vzd\u011bl\u00e1vac\u00ed firmy<\/li>\n  <li>Restaurace a pohostinstv\u00ed<\/li>\n<\/ul>\n\n\t\t","protected":false},"excerpt":{"rendered":"<p>Reference a spokojen\u00ed klienti D\u016fv\u011bra klient\u016f je pro n\u00e1s tou nejlep\u0161\u00ed vizitkou. P\u0159e\u010dt\u011bte si, co o spolupr\u00e1ci s n\u00e1mi \u0159\u00edkaj\u00ed. \u201eSpolupr\u00e1ce je naprosto bezprobl\u00e9mov\u00e1. V\u017edy v\u0161e vy\u0159\u00edd\u00ed v\u010das a bez zbyte\u010dn\u00fdch ot\u00e1zek. Kone\u010dn\u011b mohu podnikat bez starost\u00ed o \u00fa\u010detnictv\u00ed.&#8220; Jana K. \u2013 OSV\u010c, grafi\u010dka, Praha \u201eP\u0159e\u0161li jsme k nim po \u0161patn\u00e9 zku\u0161enosti s p\u0159edchoz\u00ed \u00fa\u010detn\u00ed. &#8230; <a title=\"Reference\" class=\"read-more\" href=\"https:\/\/www.azemis.cz\/?page_id=50\" aria-label=\"\u010c\u00edst v\u00edce o Reference\">\u010c\u00edst d\u00e1l<\/a><\/p>\n","protected":false},"author":1,"featured_media":0,"parent":0,"menu_order":5,"comment_status":"closed","ping_status":"closed","template":"","meta":{"footnotes":""},"class_list":["post-50","page","type-page","status-publish"],"_links":{"self":[{"href":"https:\/\/www.azemis.cz\/index.php?rest_route=\/wp\/v2\/pages\/50","targetHints":{"allow":["GET"]}}],"collection":[{"href":"https:\/\/www.azemis.cz\/index.php?rest_route=\/wp\/v2\/pages"}],"about":[{"href":"https:\/\/www.azemis.cz\/index.php?rest_route=\/wp\/v2\/types\/page"}],"author":[{"embeddable":true,"href":"https:\/\/www.azemis.cz\/index.php?rest_route=\/wp\/v2\/users\/1"}],"replies":[{"embeddable":true,"href":"https:\/\/www.azemis.cz\/index.php?rest_route=%2Fwp%2Fv2%2Fcomments&post=50"}],"version-history":[{"count":1,"href":"https:\/\/www.azemis.cz\/index.php?rest_route=\/wp\/v2\/pages\/50\/revisions"}],"predecessor-version":[{"id":180,"href":"https:\/\/www.azemis.cz\/index.php?rest_route=\/wp\/v2\/pages\/50\/revisions\/180"}],"wp:attachment":[{"href":"https:\/\/www.azemis.cz\/index.php?rest_route=%2Fwp%2Fv2%2Fmedia&parent=50"}],"curies":[{"name":"wp","href":"https:\/\/api.w.org\/{rel}","templated":true}]}}