{"id":60,"date":"2026-04-16T11:31:05","date_gmt":"2026-04-16T09:31:05","guid":{"rendered":"http:\/\/www.azemis.cz\/?page_id=60"},"modified":"2026-04-16T11:31:05","modified_gmt":"2026-04-16T09:31:05","slug":"kontakt","status":"publish","type":"page","link":"https:\/\/www.azemis.cz\/?page_id=60","title":{"rendered":"Kontakt"},"content":{"rendered":"\n\n<h1 class=\"wp-block-heading\">Kontakt<\/h1>\n\n\n\n<p>R\u00e1di v\u00e1m zodpov\u00edme jak\u00e9koli dotazy nebo p\u0159iprav\u00edme nez\u00e1vaznou cenovou nab\u00eddku. Nev\u00e1hejte n\u00e1s kontaktovat.<\/p>\n\n\n\n<div class=\"wp-block-columns is-layout-flex wp-container-core-columns-is-layout-9d6595d7 wp-block-columns-is-layout-flex\">\n  \n  <div class=\"wp-block-column is-layout-flow wp-block-column-is-layout-flow\">\n    <h2 class=\"wp-block-heading\">Kontaktn\u00ed \u00fadaje<\/h2>\n    \n    <p>\n      \ud83d\udccd <strong>Adresa:<\/strong> Va\u0161e ulice 123, \u0158\u00ed\u010dany u Prahy, 251 01<br\/>\n      \ud83d\udcde <strong>Telefon:<\/strong> +420 XXX XXX XXX<br\/>\n      \ud83d\udce7 <strong>E-mail:<\/strong> info@vasefirma.cz<br\/>\n      \ud83d\udd50 <strong>Provozn\u00ed hodiny:<\/strong><br\/>\n      Po\u2013P\u00e1: 8:00 \u2013 17:00<br\/>\n      So\u2013Ne: pouze po p\u0159edchoz\u00ed domluv\u011b\n    <\/p>\n    \n    <h3 class=\"wp-block-heading\">I\u010cO \/ DI\u010c<\/h3>\n    <p>I\u010cO: XXXXXXXX<br\/>DI\u010c: CZXXXXXXXX<\/p>\n  <\/div>\n  \n  \n  <div class=\"wp-block-column is-layout-flow wp-block-column-is-layout-flow\">\n    <h2 class=\"wp-block-heading\">Napi\u0161te n\u00e1m<\/h2>\n    <p>Vypl\u0148te kontaktn\u00ed formul\u00e1\u0159 a my se v\u00e1m ozveme do 24 hodin.<\/p>\n    <p>[contact-form-7 id=&#8220;kontaktni-formular&#8220; title=&#8220;Kontaktn\u00ed formul\u00e1\u0159&#8220;]<\/p>\n\n  <\/div>\n  \n<\/div>\n\n\n\n<h2 class=\"wp-block-heading\">Kde n\u00e1s najdete<\/h2>\n\n\n<iframe src=\"https:\/\/www.google.com\/maps\/embed?pb=!1m18!1m12!1m3!1d2563.0!2d14.6541!3d49.9924!2m3!1f0!2f0!3f0!3m2!1i1024!2i768!4f13.1!3m3!1m2!1s0x0%3A0x0!2zUsSxxI1hbnk!5e0!3m2!1scs!2scz!4v1000000000\" width=\"100%\" height=\"400\" style=\"border:0;\" allowfullscreen=\"\" loading=\"lazy\"><\/iframe>\n\n\t\t","protected":false},"excerpt":{"rendered":"<p>Kontakt R\u00e1di v\u00e1m zodpov\u00edme jak\u00e9koli dotazy nebo p\u0159iprav\u00edme nez\u00e1vaznou cenovou nab\u00eddku. Nev\u00e1hejte n\u00e1s kontaktovat. Kontaktn\u00ed \u00fadaje \ud83d\udccd Adresa: Va\u0161e ulice 123, \u0158\u00ed\u010dany u Prahy, 251 01 \ud83d\udcde Telefon: +420 XXX XXX XXX \ud83d\udce7 E-mail: info@vasefirma.cz \ud83d\udd50 Provozn\u00ed hodiny: Po\u2013P\u00e1: 8:00 \u2013 17:00 So\u2013Ne: pouze po p\u0159edchoz\u00ed domluv\u011b I\u010cO \/ DI\u010c I\u010cO: XXXXXXXXDI\u010c: CZXXXXXXXX Napi\u0161te n\u00e1m &#8230; <a title=\"Kontakt\" class=\"read-more\" href=\"https:\/\/www.azemis.cz\/?page_id=60\" aria-label=\"\u010c\u00edst v\u00edce o Kontakt\">\u010c\u00edst d\u00e1l<\/a><\/p>\n","protected":false},"author":1,"featured_media":0,"parent":0,"menu_order":6,"comment_status":"closed","ping_status":"closed","template":"","meta":{"footnotes":""},"class_list":["post-60","page","type-page","status-publish"],"_links":{"self":[{"href":"https:\/\/www.azemis.cz\/index.php?rest_route=\/wp\/v2\/pages\/60","targetHints":{"allow":["GET"]}}],"collection":[{"href":"https:\/\/www.azemis.cz\/index.php?rest_route=\/wp\/v2\/pages"}],"about":[{"href":"https:\/\/www.azemis.cz\/index.php?rest_route=\/wp\/v2\/types\/page"}],"author":[{"embeddable":true,"href":"https:\/\/www.azemis.cz\/index.php?rest_route=\/wp\/v2\/users\/1"}],"replies":[{"embeddable":true,"href":"https:\/\/www.azemis.cz\/index.php?rest_route=%2Fwp%2Fv2%2Fcomments&post=60"}],"version-history":[{"count":1,"href":"https:\/\/www.azemis.cz\/index.php?rest_route=\/wp\/v2\/pages\/60\/revisions"}],"predecessor-version":[{"id":181,"href":"https:\/\/www.azemis.cz\/index.php?rest_route=\/wp\/v2\/pages\/60\/revisions\/181"}],"wp:attachment":[{"href":"https:\/\/www.azemis.cz\/index.php?rest_route=%2Fwp%2Fv2%2Fmedia&parent=60"}],"curies":[{"name":"wp","href":"https:\/\/api.w.org\/{rel}","templated":true}]}}